{"id":218,"date":"2022-07-24T14:33:12","date_gmt":"2022-07-24T12:33:12","guid":{"rendered":"http:\/\/bthu-thermex.pl\/strona-glowna\/"},"modified":"2022-10-29T13:18:40","modified_gmt":"2022-10-29T11:18:40","slug":"strona-glowna","status":"publish","type":"page","link":"https:\/\/bthu-thermex.pl\/de\/","title":{"rendered":"Hauptseite"},"content":{"rendered":"\n\n\t\t\t<img decoding=\"async\" loading='false' src=\"https:\/\/bthu-thermex.pl\/wp-content\/uploads\/2022\/10\/IMG_2121.jpeg\" alt=\"\" \/><a href=\"pomiar\" target=\"_self\" aria-label=\"\" rel=\"noopener\"><\/a>\t\t\t\n\t\t\t\t<h1>Messung und Kontrolle von Kr\u00e4ften in Aufh\u00e4ngungen von Druckelementen von Kraftwerkskesseln.<\/h1>\n\t\t\t<img decoding=\"async\" loading='false' src=\"https:\/\/bthu-thermex.pl\/wp-content\/uploads\/2022\/10\/IMG_8014.png\" alt=\"\" \/>\t\t\t\n\t\t\t\t<h1>Design, Produktion, Lieferung und Austausch von Aufh\u00e4ngungen an Objekten.<\/h1>\n\t\t\t<img decoding=\"async\" loading='false' src=\"https:\/\/bthu-thermex.pl\/wp-content\/uploads\/2022\/07\/7.png\" alt=\"\" \/>\t\t\t\n\t\t\t\t<h1>Service f\u00fcr Federaufh\u00e4ngungen.<\/h1>\n<h2>\n\t\tBTHU THERMEX bietet:\n\t<\/h2>\n\t<ul>\n<li>Regulierung von Kr\u00e4ften in Aufh\u00e4ngungen von Druckelementen von Kraftkesseln,<\/li>\n<li>Lieferung von S\u00e4tzen von Federeinheiten sowie deren Montage und Einstellung,<\/li>\n<li>Messung von Verformungen &#8211; Spannungen und Bewertung des Aufwands beim Bau von Maschinen und Ger\u00e4ten,<\/li>\n<li>experimentelle Bestimmung von Kr\u00e4ften und Wechselwirkungen in Elementen mechanischer Systeme,<\/li>\n<li>Ermittlung der Ausfallursachen von Ger\u00e4ten, Maschinen und Bauwerken.<\/li>\n<\/ul>\n\t\t\t<a href=\"\/o-firmie\/\" target=\"_self\" role=\"button\" rel=\"noopener\">\n\t\t\t\t\t\t\t Mehr Informationen\n\t\t\t\t\t<\/a>\n<h2>\n\t\tQualit\u00e4tsrichtlinie\n\t<\/h2>\n\t<p>Das Unternehmen BTHU Thermex s.c. im Jahr 2021 hat sie ein Qualit\u00e4tsmanagementsystem gem\u00e4\u00df der Norm PN-EN ISO 9001 im Bereich der Zertifizierung eingef\u00fchrt und angewendet: \u201eEinstellung von Kr\u00e4ften in Aufh\u00e4ngungen von Kraftkesseln und anderen statisch unbestimmten mechanischen Systemen. Reparatur und Wartung von gefertigten Metallkomponenten. Das Zertifizierungsaudit wurde vom Amt f\u00fcr Technische Inspektion &#8211; UDT-CERT Zertifizierungsstelle f\u00fcr Managementsysteme durchgef\u00fchrt.<\/p>\n<p>Um die h\u00f6chste Qualit\u00e4t unserer Dienstleistungen zu gew\u00e4hrleisten, werden die bei der Regulierungsarbeit verwendeten Messinstrumente systematisch auf die Genauigkeit der Anzeigen und die Sicherheit der Anwendung getestet.<\/p>\n\t\t\t\t<img decoding=\"async\" src=\"https:\/\/bthu-thermex.pl\/wp-content\/uploads\/2022\/07\/1-1.png\" alt=\"ISO-9001\" itemprop=\"image\" title=\"ISO-9001\" onerror=\"this.style.display='none'\"  \/>\n<h2>\n\t\tZusammenarbeit\n\t<\/h2>\n\t<p>Die langj\u00e4hrige Erfahrung hat es uns erm\u00f6glicht, uns auf Fragen im Zusammenhang mit Aufh\u00e4ngungen zu spezialisieren, wodurch wir die M\u00f6glichkeit hatten, mit f\u00fchrenden Planungs- und Renovierungsunternehmen und direkt mit den Nutzern von Energie- und Industrieanlagen zusammenzuarbeiten. Bei Bedarf k\u00f6nnen wir Ihnen eine passende Referenz zur Verf\u00fcgung stellen.<\/p>\n<h2>\n\t\tGenehmigung\n\t<\/h2>\n\t<p>Kesselfabrik RAFAKO S.A. erkannte die von uns entwickelte Technologie als die einzige auf dem Markt, die ein vollst\u00e4ndiges Bild der Wechselwirkungen zwischen den zusammenwirkenden Fahrwerken und der M\u00f6glichkeit ihrer pr\u00e4zisen Einstellung gibt. Wir arbeiten seit 1996 als autorisiertes Servicezentrum von RAFAKO S.A.<\/p>\n\t\t\t\t<img decoding=\"async\" src=\"https:\/\/bthu-thermex.pl\/wp-content\/uploads\/2022\/07\/logo.png\" alt=\"RAFAKO\" itemprop=\"image\" title=\"RAFAKO\" onerror=\"this.style.display='none'\"  \/>\n\n","protected":false},"excerpt":{"rendered":"<p>Messung und Kontrolle von Kr\u00e4ften in Aufh\u00e4ngungen von Druckelementen von Kraftwerkskesseln. Design, Produktion, Lieferung und Austausch von Aufh\u00e4ngungen an Objekten. Service f\u00fcr Federaufh\u00e4ngungen. BTHU THERMEX bietet: Regulierung von Kr\u00e4ften in Aufh\u00e4ngungen von Druckelementen von Kraftkesseln, Lieferung von S\u00e4tzen von Federeinheiten sowie deren Montage und Einstellung, Messung von Verformungen &#8211; Spannungen und Bewertung des Aufwands beim&hellip;<\/p>\n","protected":false},"author":1,"featured_media":0,"parent":0,"menu_order":0,"comment_status":"closed","ping_status":"closed","template":"","meta":{"footnotes":""},"class_list":["post-218","page","type-page","status-publish","hentry"],"_links":{"self":[{"href":"https:\/\/bthu-thermex.pl\/de\/wp-json\/wp\/v2\/pages\/218","targetHints":{"allow":["GET"]}}],"collection":[{"href":"https:\/\/bthu-thermex.pl\/de\/wp-json\/wp\/v2\/pages"}],"about":[{"href":"https:\/\/bthu-thermex.pl\/de\/wp-json\/wp\/v2\/types\/page"}],"author":[{"embeddable":true,"href":"https:\/\/bthu-thermex.pl\/de\/wp-json\/wp\/v2\/users\/1"}],"replies":[{"embeddable":true,"href":"https:\/\/bthu-thermex.pl\/de\/wp-json\/wp\/v2\/comments?post=218"}],"version-history":[{"count":4,"href":"https:\/\/bthu-thermex.pl\/de\/wp-json\/wp\/v2\/pages\/218\/revisions"}],"predecessor-version":[{"id":324,"href":"https:\/\/bthu-thermex.pl\/de\/wp-json\/wp\/v2\/pages\/218\/revisions\/324"}],"wp:attachment":[{"href":"https:\/\/bthu-thermex.pl\/de\/wp-json\/wp\/v2\/media?parent=218"}],"curies":[{"name":"wp","href":"https:\/\/api.w.org\/{rel}","templated":true}]}}