{"id":228,"date":"2022-07-24T15:00:31","date_gmt":"2022-07-24T13:00:31","guid":{"rendered":"http:\/\/bthu-thermex.pl\/pomiar-drgan-elementow-konstrukcji-i-urzadzen\/"},"modified":"2026-04-18T15:29:04","modified_gmt":"2026-04-18T13:29:04","slug":"messung-von-schwingungen-von-bauteilen-und-geraten","status":"publish","type":"page","link":"https:\/\/bthu-thermex.pl\/de\/messung-von-schwingungen-von-bauteilen-und-geraten\/","title":{"rendered":"Pomiar i regulacja si\u0142 w zawieszeniach ruroci\u0105g\u00f3w"},"content":{"rendered":"\n<h1>\n\t\t\n\t<\/h1>\n\t<p>Rozwi\u0105zanie problemu ograniczenia zagro\u017ce\u0144 wynikaj\u0105cych z drga\u0144 i zwi\u0105zanych z nimi proces\u00f3w zm\u0119czenia materia\u0142\u00f3w konstrukcyjnych poprzedza badanie zrealizowane w warunkach przemys\u0142owych oraz ewentualnie badanie wykonane przy u\u017cyciu modelowania komputerowego. Widma drga\u0144 s\u0105 rejestrowane czujnikami drga\u0144 oraz wzmacniaczem pomiarowym po\u0142\u0105czonym z komputerem przeno\u015bnym.<\/p>\n","protected":false},"excerpt":{"rendered":"<p>Rozwi\u0105zanie problemu ograniczenia zagro\u017ce\u0144 wynikaj\u0105cych z drga\u0144 i zwi\u0105zanych z nimi proces\u00f3w zm\u0119czenia materia\u0142\u00f3w konstrukcyjnych poprzedza badanie zrealizowane w warunkach przemys\u0142owych oraz ewentualnie badanie wykonane przy u\u017cyciu modelowania komputerowego. Widma drga\u0144 s\u0105 rejestrowane czujnikami drga\u0144 oraz wzmacniaczem pomiarowym po\u0142\u0105czonym z komputerem przeno\u015bnym.<\/p>\n","protected":false},"author":2,"featured_media":0,"parent":0,"menu_order":0,"comment_status":"closed","ping_status":"closed","template":"","meta":{"footnotes":""},"class_list":["post-228","page","type-page","status-publish","hentry"],"_links":{"self":[{"href":"https:\/\/bthu-thermex.pl\/de\/wp-json\/wp\/v2\/pages\/228","targetHints":{"allow":["GET"]}}],"collection":[{"href":"https:\/\/bthu-thermex.pl\/de\/wp-json\/wp\/v2\/pages"}],"about":[{"href":"https:\/\/bthu-thermex.pl\/de\/wp-json\/wp\/v2\/types\/page"}],"author":[{"embeddable":true,"href":"https:\/\/bthu-thermex.pl\/de\/wp-json\/wp\/v2\/users\/2"}],"replies":[{"embeddable":true,"href":"https:\/\/bthu-thermex.pl\/de\/wp-json\/wp\/v2\/comments?post=228"}],"version-history":[{"count":2,"href":"https:\/\/bthu-thermex.pl\/de\/wp-json\/wp\/v2\/pages\/228\/revisions"}],"predecessor-version":[{"id":476,"href":"https:\/\/bthu-thermex.pl\/de\/wp-json\/wp\/v2\/pages\/228\/revisions\/476"}],"wp:attachment":[{"href":"https:\/\/bthu-thermex.pl\/de\/wp-json\/wp\/v2\/media?parent=228"}],"curies":[{"name":"wp","href":"https:\/\/api.w.org\/{rel}","templated":true}]}}