{"id":233,"date":"2022-07-24T14:33:37","date_gmt":"2022-07-24T12:33:37","guid":{"rendered":"http:\/\/bthu-thermex.pl\/o-firmie\/"},"modified":"2022-07-30T18:49:58","modified_gmt":"2022-07-30T16:49:58","slug":"uber-uns","status":"publish","type":"page","link":"https:\/\/bthu-thermex.pl\/de\/uber-uns\/","title":{"rendered":"\u00dcber uns"},"content":{"rendered":"\n<h1>\n\t\t\n\t<\/h1>\n\t<p>W BTHU Thermex s.c. specjalizujemy si\u0119 w kompleksowym serwisie zawiesze\u0144 podwieszonych element\u00f3w konstrukcyjnych, w szczeg\u00f3lno\u015bci kot\u0142\u00f3w energetycznych, element\u00f3w ci\u015bnieniowych kot\u0142a oraz ruroci\u0105g\u00f3w. Zakres naszej dzia\u0142alno\u015bci to:<\/p>\n<ul>\n<li>regulacja si\u0142 w zawieszeniach element\u00f3w ci\u015bnieniowych kot\u0142\u00f3w energetycznych,<\/li>\n<li>dostawa komplet\u00f3w zespo\u0142\u00f3w spr\u0119\u017cynowych oraz ich monta\u017c i regulacja,<\/li>\n<li>dob\u00f3r zawiesze\u0144 dla istniej\u0105cych lub projektowanych element\u00f3w ci\u015bnieniowych,<\/li>\n<li>eksperymentalne wyznaczanie si\u0142 i oddzia\u0142ywa\u0144 wzajemnych w elementach uk\u0142ad\u00f3w mechanicznych,<\/li>\n<\/ul>\n<p>Dodatkowo nasza firma wykonuje pomiary drga\u0144 element\u00f3w konstrukcji. Zajmujemy si\u0119 r\u00f3wnie\u017c okre\u015blaniem przyczyn awarii urz\u0105dze\u0144 oraz maszyn energetycznych.<\/p>\n<p>Regulacj\u0119 si\u0142 w zawieszeniach element\u00f3w kot\u0142\u00f3w wykonujemy wed\u0142ug w\u0142asnej technologii opartej na pomiarach hydraulicznych oraz metodzie DM3.<\/p>\n<p>Firmy: RAFAKO S.A. oraz Babcok &amp; Wilcox Volund uzna\u0142y t\u0119 metod\u0119 &#8211; daj\u0105c\u0105 pe\u0142ny obraz wzajemnych oddzia\u0142ywa\u0144 mi\u0119dzy wsp\u00f3\u0142pracuj\u0105cymi zawieszeniami danego uk\u0142adu mechanicznego. Od 1996 roku prace wykonujemy jako Autoryzowany Serwis RAFAKO S.A.<\/p>\n<p>Regulacja zawiesze\u0144 &#8211; nastawianie prawid\u0142owych obci\u0105\u017ce\u0144 &#8211; skutkuje przede wszystkim:<\/p>\n<ul>\n<li>poprawnymi kierunkami wyd\u0142u\u017ce\u0144 cieplnych obiekt\u00f3w,<\/li>\n<li>zapobiega koncentracji napr\u0119\u017ce\u0144 w lokalnych obszarach element\u00f3w kot\u0142a (\u015bcian ekranowych, kom\u00f3r przegrzewaczy pary itp.),<\/li>\n<li>zapobiega trwa\u0142ym odkszta\u0142ceniom &#8211; ugi\u0119ciom np. kom\u00f3r przegrzewaczy,<\/li>\n<li>zapobiega zerwaniom po\u0142\u0105cze\u0144 spawanych w\u0119z\u0142\u00f3w mocuj\u0105cych w dolnych cz\u0119\u015bciach ci\u0119gien pracuj\u0105cych w wysokiej temperaturze,<\/li>\n<li>zmniejsza awaryjno\u015b\u0107 &#8211; nieszczelno\u015b\u0107 element\u00f3w ci\u015bnieniowych kot\u0142a,<\/li>\n<li>eliminuje nadmierne drgania obiekt\u00f3w,<\/li>\n<li>pozwala na wprowadzenie zmian konstrukcyjnych, modernizacj\u0119 obiektu,<\/li>\n<li>odblokowuje zatarte zespo\u0142y spr\u0119\u017cynowe zawiesze\u0144,<\/li>\n<li>pozwala skorygowa\u0107 obci\u0105\u017cenia zawiesze\u0144 spowodowane osiadaniem fundament\u00f3w konstrukcji no\u015bnej kot\u0142a.<\/li>\n<\/ul>\n<p>Hydrauliczna metoda regulacji obci\u0105\u017ce\u0144 w elementach uk\u0142ad\u00f3w wielozawieszeniowych pozwala na szybkie i precyzyjne nastawy si\u0142 w okre\u015blonych zawieszeniach tych uk\u0142ad\u00f3w. Dotychczasowe zastosowanie znalaz\u0142a ona przy regulacji si\u0142 w g\u0142\u00f3wnych zawieszeniach kot\u0142\u00f3w energetycznych (\u015bciany ekranowe, wewn\u0119trzne uk\u0142ady ci\u015bnieniowe kot\u0142a &#8211; przegrzewacze, podgrzewacz wody etc) oraz ruroci\u0105g\u00f3w parowych i wodnych. Czas wykonania regulacji zale\u017cy od ilo\u015bci zawiesze\u0144, dost\u0119pu do nich, warunk\u00f3w na kotle i waha si\u0119 od dw\u00f3ch do kilkunastu dni.<\/p>\n<p>Regulacja g\u0142\u00f3wnych zawiesze\u0144 kot\u0142\u00f3w prowadzona jest w kilku zasadniczych etapach:<\/p>\n<ul>\n<li>pomiar si\u0142 w ci\u0119gnach zawiesze\u0144,<\/li>\n<li>pomiar oddzia\u0142ywa\u0144 si\u0142owych na s\u0105siaduj\u0105ce ci\u0119gna (okre\u015blenie wsp\u00f3\u0142czynnik\u00f3w wp\u0142ywu),<\/li>\n<li>zestawienie wektor\u00f3w si\u0142 projektowych i zmierzonych oraz macierzy wsp\u00f3\u0142czynnik\u00f3w wp\u0142ywu,<\/li>\n<li>numeryczna symulacja regulacji, wynikiem kt\u00f3rej s\u0105 przyrosty si\u0142: \u00b1 \u0394Pn (zmiany si\u0142 w regulowanych zawieszeniach) jakie nale\u017cy zada\u0107, by rozk\u0142ad si\u0142 po regulacji by\u0142 proporcjonalny do za\u0142o\u017ce\u0144 projektowych,<\/li>\n<li>etap regulacji zawiesze\u0144 wg tabeli wynik\u00f3w ww. symulacji,<\/li>\n<li>ko\u0144cowy pomiar si\u0142 i ewentualna korekta nastawienia obci\u0105\u017cenia do za\u0142o\u017conej odchy\u0142ki \u00b110%,<\/li>\n<li>opracowanie szczeg\u00f3\u0142owego sprawozdania &#8211; raportu z wykonanej pracy.<\/li>\n<\/ul>\n","protected":false},"excerpt":{"rendered":"<p>W BTHU Thermex s.c. specjalizujemy si\u0119 w kompleksowym serwisie zawiesze\u0144 podwieszonych element\u00f3w konstrukcyjnych, w szczeg\u00f3lno\u015bci kot\u0142\u00f3w energetycznych, element\u00f3w ci\u015bnieniowych kot\u0142a oraz ruroci\u0105g\u00f3w. Zakres naszej dzia\u0142alno\u015bci to: regulacja si\u0142 w zawieszeniach element\u00f3w ci\u015bnieniowych kot\u0142\u00f3w energetycznych, dostawa komplet\u00f3w zespo\u0142\u00f3w spr\u0119\u017cynowych oraz ich monta\u017c i regulacja, dob\u00f3r zawiesze\u0144 dla istniej\u0105cych lub projektowanych element\u00f3w ci\u015bnieniowych, eksperymentalne wyznaczanie si\u0142 i&hellip;<\/p>\n","protected":false},"author":1,"featured_media":0,"parent":0,"menu_order":0,"comment_status":"closed","ping_status":"closed","template":"","meta":{"footnotes":""},"class_list":["post-233","page","type-page","status-publish","hentry"],"_links":{"self":[{"href":"https:\/\/bthu-thermex.pl\/de\/wp-json\/wp\/v2\/pages\/233","targetHints":{"allow":["GET"]}}],"collection":[{"href":"https:\/\/bthu-thermex.pl\/de\/wp-json\/wp\/v2\/pages"}],"about":[{"href":"https:\/\/bthu-thermex.pl\/de\/wp-json\/wp\/v2\/types\/page"}],"author":[{"embeddable":true,"href":"https:\/\/bthu-thermex.pl\/de\/wp-json\/wp\/v2\/users\/1"}],"replies":[{"embeddable":true,"href":"https:\/\/bthu-thermex.pl\/de\/wp-json\/wp\/v2\/comments?post=233"}],"version-history":[{"count":1,"href":"https:\/\/bthu-thermex.pl\/de\/wp-json\/wp\/v2\/pages\/233\/revisions"}],"predecessor-version":[{"id":234,"href":"https:\/\/bthu-thermex.pl\/de\/wp-json\/wp\/v2\/pages\/233\/revisions\/234"}],"wp:attachment":[{"href":"https:\/\/bthu-thermex.pl\/de\/wp-json\/wp\/v2\/media?parent=233"}],"curies":[{"name":"wp","href":"https:\/\/api.w.org\/{rel}","templated":true}]}}