{"id":235,"date":"2022-07-24T15:00:08","date_gmt":"2022-07-24T13:00:08","guid":{"rendered":"http:\/\/bthu-thermex.pl\/metoda-dm3\/"},"modified":"2022-07-30T18:50:35","modified_gmt":"2022-07-30T16:50:35","slug":"methode-dm3","status":"publish","type":"page","link":"https:\/\/bthu-thermex.pl\/de\/methode-dm3\/","title":{"rendered":"Methode DM3"},"content":{"rendered":"\n<h1>\n\t\t\n\t<\/h1>\n\t<p><strong>Metoda DM3<\/strong> polega na wykonywaniu tensometrycznych pomiar\u00f3w si\u0142 w ci\u0119gnach oraz ich wzajemnych oddzia\u0142ywa\u0144 przy krokowo post\u0119puj\u0105cym ca\u0142kowitym luzowaniu ci\u0119gien. Post\u0119powanie takie jest bardzo \u017cmudne w wielu przypadkach trudne a nieraz wr\u0119cz niemo\u017cliwe do wykonania. Opracowali\u015bmy wi\u0119c, zmodyfikowan\u0105 metod\u0119 DM3 v.1, polegaj\u0105c\u0105 na wykonaniu pomiar\u00f3w si\u0142 w ci\u0119gnach za pomoc\u0105 si\u0142omierza hydraulicznego wraz z tensometryczn\u0105 korekt\u0105 jego wskaza\u0144 oraz jednoczesnym okre\u015bleniem wzajemnych oddzia\u0142ywa\u0144 w ci\u0119gnach. Oddzia\u0142ywania te mierzymy w dziesi\u0119ciu s\u0105siaduj\u0105cych za sob\u0105 ci\u0119gnach po zadanej zmianie obci\u0105\u017cenia (np.: cz\u0119\u015bciowym luzowaniu) w jednym z ci\u0119gien (rys. 1).<\/p>\n\n\n\nKorekta tensometryczna wskaza\u0144 si\u0142omierzy hydraulicznych musi by\u0107 uwzgl\u0119dniana w uk\u0142adach nieswobodnych i pozwala zachowa\u0107 dok\u0142adno\u015b\u0107 regulacji metody DM3 przy znacznym skr\u00f3ceniu czasu prac. Modyfikacja ta szczeg\u00f3lnie przydatna jest na starych jednostkach ze skorodowanymi gwintami i utrudnionym do nich dost\u0119pem. Z obecnego do\u015bwiadczenia wiemy, i\u017c wielko\u015b\u0107 tej korekty waha si\u0119 od 1% nawet do 30% zmierzonej warto\u015bci si\u0142y \u201ehydraulicznej&#8220;. Wielko\u015b\u0107 korekty zale\u017cy od \u015brednicy ci\u0119gien i sposobu ich zabudowy (ci\u0119gna sztywne lub ze spr\u0119\u017cynami bardziej lub mniej podatnymi), rodzaju zawieszonego ci\u0119\u017caru (komora, rura wieszakowa, ekran szczelny, w\u0119\u017cownice). Tak przeprowadzone pomiary pozwalaj\u0105 na okre\u015blenie rzeczywistych si\u0142 dzia\u0142aj\u0105cych w ci\u0119gnach wraz z wzajemnymi ich oddzia\u0142ywaniami uwzgl\u0119dniaj\u0105cymi zmiany sztywno\u015bci konstrukcji no\u015bnej obiektu i samego obiektu. Post\u0119powanie takie prowadzi do okre\u015blenia tzw. liczb wp\u0142ywowych kni i rzeczywistego wsp\u00f3\u0142czynnika regulacji b\u0119d\u0105cego ilorazem sumy si\u0142 zmierzonych i sumy si\u0142 projektowych wa\u017cnych w dalszych obliczeniach numerycznych.\n<p>kni&nbsp;= Pni\/Pnn<\/p>\n<p>kni&nbsp;&#8211; liczba wp\u0142ywowa dla pr\u0119ta i-tego okre\u015blona zmian\u0105 obci\u0105\u017cenia w pr\u0119cie n-tym<\/p>\n<p>Pni&nbsp;&#8211; zmiana obci\u0105\u017cenia w pr\u0119cie i-tym wywo\u0142ana zmian\u0105 obci\u0105\u017cenia pr\u0119ta n-tego<\/p>\nPnn&nbsp;&#8211; warto\u015b\u0107 si\u0142y w pr\u0119cie luzowanym\n\n\n<p>Tak wyznaczone liczby wp\u0142ywowe pozwalaj\u0105 na okre\u015blenie warto\u015bci si\u0142y w dowolnym pr\u0119cie po dowolnej zmianie obci\u0105\u017cenia w s\u0105siednich pr\u0119tach. Stosuj\u0105c zapis macierzowy mo\u017cna przedstawi\u0107 w postaci og\u00f3lnej zale\u017cno\u015b\u0107 pomi\u0119dzy si\u0142ami w zawieszeniach na ca\u0142ym obrysie kot\u0142a:<\/p>\n<p>gdzie:<\/p>\n{S} = {P} + [Mw]{w}\n<p>{w}&nbsp;&#8211; \u0394Pn{1\/Pnn}<\/p>\n<p>[Mw]&nbsp;&#8211; macierz wp\u0142yw\u00f3w<\/p>\n<p>\u0394Pn&nbsp;&#8211; zmiana obci\u0105\u017cenia w pr\u0119cie n-tym<\/p>\n<p>{P} &#8211; wektor si\u0142 rzeczywistych przed przyst\u0105pieniem do regulacji<\/p>\n{S}&nbsp;&#8211; wektor si\u0142 w ci\u0119gnach po zmianie obci\u0105\u017cenia o \u0394Pn\n<p>Obliczenia wielko\u015bci zmian si\u0142 kt\u00f3re nale\u017cy przeprowadzi\u0107 w poszczeg\u00f3lnych ci\u0119gnach przeprowadzamy na komputerze wykorzystuj\u0105c w\u0142asne specjalne oprogramowanie umo\u017cliwiaj\u0105ce przeprowadzenie komputerowej symulacji procesu regulacji si\u0142 we wszystkich ci\u0119gnach pracuj\u0105cych wsp\u00f3\u0142zale\u017cnie (rys. 2).<\/p>\nTechnologia ta pozwala na roz\u0142o\u017cenie si\u0142 w ci\u0119gnach proporcjonalnie do za\u0142o\u017ce\u0144 projektowych likwiduj\u0105c nadmierne koncentracje napr\u0119\u017ce\u0144 w \u015bcianach i w\u0119z\u0142ach konstrukcyjnych oraz na zachowanie niezmiennego po\u0142o\u017cenia geometrycznego regulowanego obiektu. Po\u0142o\u017cenie to jest bardzo wa\u017cne w przypadku obiektu sk\u0142adaj\u0105cego si\u0119 z kilku niezale\u017cnych uk\u0142ad\u00f3w po\u0142\u0105czonych ze sob\u0105 kompensatorami (np.: kot\u0142y fluidalne itp.).\n","protected":false},"excerpt":{"rendered":"<p>Metoda DM3 polega na wykonywaniu tensometrycznych pomiar\u00f3w si\u0142 w ci\u0119gnach oraz ich wzajemnych oddzia\u0142ywa\u0144 przy krokowo post\u0119puj\u0105cym ca\u0142kowitym luzowaniu ci\u0119gien. Post\u0119powanie takie jest bardzo \u017cmudne w wielu przypadkach trudne a nieraz wr\u0119cz niemo\u017cliwe do wykonania. Opracowali\u015bmy wi\u0119c, zmodyfikowan\u0105 metod\u0119 DM3 v.1, polegaj\u0105c\u0105 na wykonaniu pomiar\u00f3w si\u0142 w ci\u0119gnach za pomoc\u0105 si\u0142omierza hydraulicznego wraz z tensometryczn\u0105&hellip;<\/p>\n","protected":false},"author":1,"featured_media":0,"parent":0,"menu_order":0,"comment_status":"closed","ping_status":"closed","template":"","meta":{"footnotes":""},"class_list":["post-235","page","type-page","status-publish","hentry"],"_links":{"self":[{"href":"https:\/\/bthu-thermex.pl\/de\/wp-json\/wp\/v2\/pages\/235","targetHints":{"allow":["GET"]}}],"collection":[{"href":"https:\/\/bthu-thermex.pl\/de\/wp-json\/wp\/v2\/pages"}],"about":[{"href":"https:\/\/bthu-thermex.pl\/de\/wp-json\/wp\/v2\/types\/page"}],"author":[{"embeddable":true,"href":"https:\/\/bthu-thermex.pl\/de\/wp-json\/wp\/v2\/users\/1"}],"replies":[{"embeddable":true,"href":"https:\/\/bthu-thermex.pl\/de\/wp-json\/wp\/v2\/comments?post=235"}],"version-history":[{"count":1,"href":"https:\/\/bthu-thermex.pl\/de\/wp-json\/wp\/v2\/pages\/235\/revisions"}],"predecessor-version":[{"id":236,"href":"https:\/\/bthu-thermex.pl\/de\/wp-json\/wp\/v2\/pages\/235\/revisions\/236"}],"wp:attachment":[{"href":"https:\/\/bthu-thermex.pl\/de\/wp-json\/wp\/v2\/media?parent=235"}],"curies":[{"name":"wp","href":"https:\/\/api.w.org\/{rel}","templated":true}]}}