{"id":246,"date":"2022-07-24T15:01:04","date_gmt":"2022-07-24T13:01:04","guid":{"rendered":"http:\/\/bthu-thermex.pl\/analiza-przyczyn-awarii-czesci-maszyn\/"},"modified":"2022-07-30T18:54:19","modified_gmt":"2022-07-30T16:54:19","slug":"analyse-der-ausfallursachen-von-maschinenteilen","status":"publish","type":"page","link":"https:\/\/bthu-thermex.pl\/de\/analyse-der-ausfallursachen-von-maschinenteilen\/","title":{"rendered":"Analyse der Ausfallursachen von Maschinenteilen"},"content":{"rendered":"\n<h1>\n\t\t\n\t<\/h1>\n<h2>\n\t\t Analiza przyczyn awarii cz\u0119\u015bci maszyn. Pomiary odkszta\u0142ce\u0144 &#8211; do\u015bwiadczalna i numeryczna analiza napr\u0119\u017ce\u0144 w ruchomych elementach konstrukcji i cz\u0119\u015bci maszyn\n\t<\/h2>\n","protected":false},"excerpt":{"rendered":"<p>Analiza przyczyn awarii cz\u0119\u015bci maszyn. Pomiary odkszta\u0142ce\u0144 &#8211; do\u015bwiadczalna i numeryczna analiza napr\u0119\u017ce\u0144 w ruchomych elementach konstrukcji i cz\u0119\u015bci maszyn<\/p>\n","protected":false},"author":1,"featured_media":0,"parent":0,"menu_order":0,"comment_status":"closed","ping_status":"closed","template":"","meta":{"footnotes":""},"class_list":["post-246","page","type-page","status-publish","hentry"],"_links":{"self":[{"href":"https:\/\/bthu-thermex.pl\/de\/wp-json\/wp\/v2\/pages\/246","targetHints":{"allow":["GET"]}}],"collection":[{"href":"https:\/\/bthu-thermex.pl\/de\/wp-json\/wp\/v2\/pages"}],"about":[{"href":"https:\/\/bthu-thermex.pl\/de\/wp-json\/wp\/v2\/types\/page"}],"author":[{"embeddable":true,"href":"https:\/\/bthu-thermex.pl\/de\/wp-json\/wp\/v2\/users\/1"}],"replies":[{"embeddable":true,"href":"https:\/\/bthu-thermex.pl\/de\/wp-json\/wp\/v2\/comments?post=246"}],"version-history":[{"count":1,"href":"https:\/\/bthu-thermex.pl\/de\/wp-json\/wp\/v2\/pages\/246\/revisions"}],"predecessor-version":[{"id":247,"href":"https:\/\/bthu-thermex.pl\/de\/wp-json\/wp\/v2\/pages\/246\/revisions\/247"}],"wp:attachment":[{"href":"https:\/\/bthu-thermex.pl\/de\/wp-json\/wp\/v2\/media?parent=246"}],"curies":[{"name":"wp","href":"https:\/\/api.w.org\/{rel}","templated":true}]}}