{"id":129,"date":"2022-07-24T14:33:12","date_gmt":"2022-07-24T12:33:12","guid":{"rendered":"http:\/\/bthu-thermex.pl\/strona-glowna\/"},"modified":"2022-10-29T13:02:01","modified_gmt":"2022-10-29T11:02:01","slug":"strona-glowna","status":"publish","type":"page","link":"https:\/\/bthu-thermex.pl\/en\/","title":{"rendered":"Home"},"content":{"rendered":"\n\n\t\t\t<img decoding=\"async\" loading='false' src=\"https:\/\/bthu-thermex.pl\/wp-content\/uploads\/2022\/10\/IMG_2121.jpeg\" alt=\"\" \/><a href=\"pomiar\" target=\"_self\" aria-label=\"\" rel=\"noopener\"><\/a>\t\t\t\n\t\t\t\t<h1>Measurement and adjustment of hanger loads of pressure\u00a0 elements of power boilers.<\/h1>\n\t\t\t<img decoding=\"async\" loading='false' src=\"https:\/\/bthu-thermex.pl\/wp-content\/uploads\/2022\/10\/IMG_8014.png\" alt=\"\" \/>\t\t\t\n\t\t\t\t<h1>Production, delivery and replacement of hangers on site.<\/h1>\n\t\t\t<img decoding=\"async\" loading='false' src=\"https:\/\/bthu-thermex.pl\/wp-content\/uploads\/2022\/07\/7.png\" alt=\"\" \/>\t\t\t\n\t\t\t\t<h1>Service of hangers for pressure systems of power boilers.<\/h1>\n<h2>\n\t\tBTHU THERMEX offers:\n\t<\/h2>\n\t<ul>\n<li class=\"homeSliderMain__text\n\t\t\t\t\t\t\t\t\t\t   homeSliderMain__text--list\">Adjustment of forces in hangers of pressure elements in power boilers,<\/li>\n<li class=\"homeSliderMain__text\n\t\t\t\t\t\t\t\t\t\t   homeSliderMain__text--list\">Delivery, montage and adjustment of full sets of spring assemblies,<\/li>\n<li class=\"homeSliderMain__text\n\t\t\t\t\t\t\t\t\t\t   homeSliderMain__text--list\">Tension measurement and assesment of machine and device construction effort,<\/li>\n<li class=\"homeSliderMain__text\n\t\t\t\t\t\t\t\t\t\t   homeSliderMain__text--list\">Experimental denoting of forces and elastic interaction of elements in mechanical systems,<\/li>\n<li class=\"homeSliderMain__text\n\t\t\t\t\t\t\t\t\t\t   homeSliderMain__text--list\">Defining the reasons for malfunctions of devices, machines and constructions.<\/li>\n<\/ul>\n\t\t\t<a href=\"\/en\/about-company\/\" target=\"_self\" role=\"button\" rel=\"noopener\">\n\t\t\t\t\t\t\tRead more\n\t\t\t\t\t<\/a>\n<h2>\n\t\tQuality policy\n\t<\/h2>\n\t<p>In 2012 BTHU Thermex s.c. company has implemented and applied quality management system compliant with PN-EN ISO 9001 standard with a scope of certification:\u00a0\u201eAdjustment of loads in power boiler hangers and other statically indeterminate mechanical systems. Repair and maintenance of fabricated metal components&#8221;. Certification audit was conducted by &#8220;Urz\u0105d Dozoru Technicznego &#8211; Jednostka Certyfikuj\u0105ca Systemy Zarz\u0105dzania UDT-CERT&#8221; the Office of Technical Inspection &#8211; Management Systems Certification Body.<\/p>\n<p>To provide highest quality of our services, measurement tools used during the adjustment process are systematically examined for the accuracy of indications and safety use.<\/p>\n\t\t\t\t<img decoding=\"async\" src=\"https:\/\/bthu-thermex.pl\/wp-content\/uploads\/2022\/07\/1-1.png\" alt=\"ISO-9001\" itemprop=\"image\" title=\"1-1\" onerror=\"this.style.display='none'\"  \/>\n<h2>\n\t\tCooperation\n\t<\/h2>\n\t<p>Many years of experience have allowed us to specialize in issues related to suspensions, thanks to which we had the opportunity to cooperate with leading design and renovation companies and directly with users of energy and industrial facilities. If necessary, we can provide a suitable reference.<\/p>\n<h2>\n\t\tAuthorisation\n\t<\/h2>\n\t<p>Power boiler Producer RAFAKO S.A. considers our technology as the only one, that gives the full picture of interdependence between cooperating hangers and and the possibility of their precise adjustment. Since 1996, we have been working as an Authorized Service Center of RAFAKO S.A.<\/p>\n\t\t\t\t<img decoding=\"async\" src=\"https:\/\/bthu-thermex.pl\/wp-content\/uploads\/2022\/07\/logo.png\" alt=\"RAFAKO\" itemprop=\"image\" title=\"logo\" onerror=\"this.style.display='none'\"  \/>\n\n","protected":false},"excerpt":{"rendered":"<p>Measurement and adjustment of hanger loads of pressure\u00a0 elements of power boilers. Production, delivery and replacement of hangers on site. Service of hangers for pressure systems of power boilers. BTHU THERMEX offers: Adjustment of forces in hangers of pressure elements in power boilers, Delivery, montage and adjustment of full sets of spring assemblies, Tension measurement&hellip;<\/p>\n","protected":false},"author":1,"featured_media":0,"parent":0,"menu_order":0,"comment_status":"closed","ping_status":"closed","template":"","meta":{"footnotes":""},"class_list":["post-129","page","type-page","status-publish","hentry"],"_links":{"self":[{"href":"https:\/\/bthu-thermex.pl\/en\/wp-json\/wp\/v2\/pages\/129","targetHints":{"allow":["GET"]}}],"collection":[{"href":"https:\/\/bthu-thermex.pl\/en\/wp-json\/wp\/v2\/pages"}],"about":[{"href":"https:\/\/bthu-thermex.pl\/en\/wp-json\/wp\/v2\/types\/page"}],"author":[{"embeddable":true,"href":"https:\/\/bthu-thermex.pl\/en\/wp-json\/wp\/v2\/users\/1"}],"replies":[{"embeddable":true,"href":"https:\/\/bthu-thermex.pl\/en\/wp-json\/wp\/v2\/comments?post=129"}],"version-history":[{"count":11,"href":"https:\/\/bthu-thermex.pl\/en\/wp-json\/wp\/v2\/pages\/129\/revisions"}],"predecessor-version":[{"id":322,"href":"https:\/\/bthu-thermex.pl\/en\/wp-json\/wp\/v2\/pages\/129\/revisions\/322"}],"wp:attachment":[{"href":"https:\/\/bthu-thermex.pl\/en\/wp-json\/wp\/v2\/media?parent=129"}],"curies":[{"name":"wp","href":"https:\/\/api.w.org\/{rel}","templated":true}]}}