{"id":132,"date":"2022-07-24T14:33:50","date_gmt":"2022-07-24T12:33:50","guid":{"rendered":"http:\/\/bthu-thermex.pl\/historia\/"},"modified":"2022-07-27T08:39:15","modified_gmt":"2022-07-27T06:39:15","slug":"history","status":"publish","type":"page","link":"https:\/\/bthu-thermex.pl\/en\/history\/","title":{"rendered":"History"},"content":{"rendered":"\n<h1>\n\t\t\n\t<\/h1>\n\t<p>Rok 1988 to pionierska praca zwi\u0105zana z regulacj\u0105 sztywnych zawiesze\u0144 \u015bcian ekranowych kot\u0142a OPG-430 przeprowadzona zosta\u0142a w kombinacie metalurgicznym \u201eHuta Katowice&#8221;. Kocio\u0142 zosta\u0142 zaprojektowany przez Biuro Konstrukcyjne CBKK Tarnowskie G\u00f3ry natomiast budow\u0119 prowadzi\u0142 Energomonta\u017c Po\u0142udnie z Katowic. Wsp\u00f3\u0142praca z Politechnik\u0105 \u015al\u0105sk\u0105 w Gliwicach umo\u017cliwi\u0142a wykonanie pomiaru si\u0142 w ci\u0119gnach zawiesze\u0144 za pomoc\u0105 tensometr\u00f3w rezystancyjnych, po\u0142\u0105czonych w uk\u0142ad umo\u017cliwiaj\u0105cy okre\u015blenie wzajemnych oddzia\u0142ywa\u0144 mechanicznych. W badaniach stosowano metod\u0119 ca\u0142kowitego odci\u0105\u017cania ci\u0119gien, kt\u00f3re w sztywnej konstrukcji parownika tworzy\u0142y tak zwany wielokrotnie statycznie niewyznaczalny uk\u0142ad mechaniczny. Zastosowana technika wymaga\u0142a opracowania metodyki obliczania zmian obci\u0105\u017cenia w poszczeg\u00f3lnych zawieszeniach w celu wyr\u00f3wnania obci\u0105\u017ce\u0144 proporcjonalnie do warto\u015bci okre\u015blonych w projekcie kot\u0142a. Aby przyspieszy\u0107 mozolne obliczenia numeryczne zastosowano dost\u0119pny na rynku w tym czasie mikrokomputer firmy Schneider umo\u017cliwiaj\u0105cy opracowanie specjalistycznego programu obliczeniowego w j\u0119zyku Basic.<\/p>\n<p>Nowe wyzwanie przyni\u00f3s\u0142 rok 1993. Wykonano regulacj\u0119 podatnych &#8211; spr\u0119\u017cynowych zawiesze\u0144 \u015bcian ekranowych kot\u0142\u00f3w EP &#8211; 650 produkcji ZSRR w Elektrowni Po\u0142aniec. Po sprawdzeniu skuteczno\u015bci opracowanego sposobu regulacji zawiesze\u0144 kot\u0142\u00f3w dla stosowanych rozwi\u0105za\u0144 wszystkich rodzaj\u00f3w podwiesze\u0144 element\u00f3w konstrukcji kot\u0142owych, opis metody zg\u0142oszony zosta\u0142 przez wsp\u00f3\u0142tw\u00f3rc\u00f3w do Urz\u0119du Patentowego RP. W dniu 2 lipca 1993 roku autorzy wniosku: Donat Renowicz, Marek Plaza, Marek \u017belaskiewicz i Marek Kokot uzyskali \u015bwiadectwa autorskie Urz\u0119du Patentowego Rzeczypospolitej Polskiej za nr 157910 pt. \u201eSpos\u00f3b regulacji obci\u0105\u017ce\u0144 w zawieszeniach uk\u0142adu mechanicznego a zw\u0142aszcza w zawieszeniach kot\u0142a energetycznego&#8221;. Opracowany spos\u00f3b regulacji zawiesze\u0144 nazwano \u201eMetod\u0105 DM3&#8243;, a po jej modyfikacji nazwa zosta\u0142a zmieniona na \u201eMetod\u0119 DM3 v.1&#8243; i obowi\u0105zuje do chwili obecnej.<\/p>\n<p>Kolejne lata to sprawdzanie efektywno\u015bci Metody DM3 na kot\u0142ach produkcji RAFAKO S.A. o r\u00f3\u017cnej konstrukcji i wydajno\u015bci energetycznej, pracuj\u0105cych w Elektrowni Be\u0142chat\u00f3w i ZEC Bydgoszcz II. W dniu 19.04.1995 wsp\u00f3\u0142w\u0142a\u015bciciele Marek Plaza, Donat Renowicz oraz Marek \u017belaskiewicz podpisali umow\u0119 za\u0142o\u017cycielsk\u0105 sp\u00f3\u0142ki cywilnej pod nazw\u0105 Techniczne Biuro Handlowo Us\u0142ugowe Thermex s.c. W dniu 01.09.1995 roku sp\u00f3\u0142ka zosta\u0142a zarejestrowana w Cz\u0119stochowie z siedzib\u0105 przy ul. Micha\u0142owskiego nr 26 m. 81.<\/p>\n<p>Lata 1996 &#8211; 2006 wype\u0142nione by\u0142y pracami zwi\u0105zanymi z regulacj\u0105 zawiesze\u0144 takich element\u00f3w kot\u0142a jak \u015bciany ekranowe, przegrzewacze pary, podgrzewacze wody i py\u0142oprzewody. Prace wykonywane by\u0142y w zak\u0142adach energetycznych na terenie ca\u0142ego kraju. By\u0142y to: Elektrociep\u0142ownia w Hucie \u201eKatowice&#8221;, BOT Elektrownia \u201eBe\u0142chat\u00f3w&#8221; S.A., BOT Elektrownia \u201eOpole&#8221; S.A., EC \u201eKarolin&#8221; w Poznaniu, EC \u201e\u017bera\u0144&#8221; Warszawa, EC \u201eSiekierki&#8221; Warszawa, EC \u201e\u0141\u0119g&#8221; Krak\u00f3w, Zak\u0142ady Azotowe \u201eAnwil&#8221; S.A. W\u0142oc\u0142awek, EC PKN \u201eOrlen&#8221; S.A. P\u0142ock, EC \u201eRzesz\u00f3w&#8221; S.A., EC w Zak\u0142adach Koksowniczych \u201eZdzieszowice&#8221;, EC \u201eStomil&#8221; Olsztyn S.A. p\u00f3\u017aniejszy \u201eMichelin Polska&#8221; Sp. z o. o., EC III \u0141\u00f3d\u017a, EC \u201eGorz\u00f3w Wielkopolski&#8221; S.A., Zak\u0142ady Chemiczne \u201ePolice&#8221; S.A., International Paper &#8211; Kwidzyn, Elektrownia Konin, Elektrownia \u201eKozienice&#8221; S.A., EC w Zak\u0142adach Farmaceutycznych \u201ePolpharma&#8221; S.A. Starogard Gda\u0144ski, EC IV \u0141\u00f3d\u017a, EC Wroc\u0142aw S.A., EC Czechnica w Siechnicy k\/Wroc\u0142awia. Poza granicami kraju firma wykona\u0142a prace zwi\u0105zane z regulacj\u0105 zawiesze\u0144 na obiektach: Elektrana \u201eOslomej&#8221; w Macedonii kocio\u0142 OB-380, Elektrownia TENT B w Obrenova\u010d Serbia kocio\u0142 BB-1880 B2 oraz w spalarni \u015bmieci w Sundsvall Szwecja kocio\u0142 zbudowany przez firm\u0119 Babcock &amp; Wilcox V\u00f8lund Dania. W latach 2005 i 2006 firma wykonywa\u0142a badania ruroci\u0105gu rozruchowego \u0142\u0105cz\u0105cego bloki OP-140. Wykonane pomiary si\u0142 i przemieszcze\u0144 w podporach sta\u0142ych i zawieszeniach spr\u0119\u017cynowych umo\u017cliwi\u0142y opracowanie metodyki regulacji tych zamocowa\u0144 w celu uzyskania optymalnego wyt\u0119\u017cenia ruroci\u0105gu pomi\u0119dzy stanem zimnym i gor\u0105cym. Prace wykonano we wsp\u00f3\u0142pracy z Politechnik\u0105 \u015al\u0105sk\u0105 w Gliwicach.<\/p>\n<p>Rok 2007 to regulacja zawiesze\u0144 na 13-stu blokach energetycznych w Polsce w tym prace zwi\u0105zane z poziomowaniem uk\u0142adu podwiesze\u0144 py\u0142oprzewod\u00f3w oraz palnik\u00f3w na kotle BP-1150. Opracowano oryginaln\u0105 metod\u0119 umo\u017cliwiaj\u0105c\u0105 zmian\u0119 po\u0142o\u017cenia systemu zamocowania ci\u0119gien py\u0142oprzewod\u00f3w w stanie zimnym i gor\u0105cym kot\u0142a.<\/p>\n\t\t\t\t<img loading=\"lazy\" decoding=\"async\" src=\"https:\/\/bthu-thermex.pl\/wp-content\/uploads\/2022\/07\/img-1.png\" alt=\"img-1\" itemprop=\"image\" height=\"626\" width=\"972\" title=\"img-1\" onerror=\"this.style.display='none'\">\n\t\t\t\t<img loading=\"lazy\" decoding=\"async\" src=\"https:\/\/bthu-thermex.pl\/wp-content\/uploads\/2022\/07\/img-2.png\" alt=\"img-2\" itemprop=\"image\" height=\"736\" width=\"981\" title=\"img-2\" onerror=\"this.style.display='none'\">\n\t<p>W roku 2008 przeprowadzono regulacj\u0119 9-ciu kot\u0142\u00f3w w Polsce oraz za granic\u0105 w miejscowo\u015bciach Obrenova\u010d w Serbii oraz Yenik\u00f6y w Turcji. Modernizacja zawiesze\u0144 komory paleniskowej kot\u0142a OP-230 polegaj\u0105ca na wymianie wadliwie pracuj\u0105cych spr\u0119\u017cyn ta\u015bmowych sto\u017ckowych na talerzowe o podwy\u017cszonej no\u015bno\u015bci i niezawodno\u015bci. By\u0142 to tak\u017ce pocz\u0105tek wsp\u00f3\u0142pracy z firm\u0105 ARAJ, obecnie Unia ARAJ Realizacje Sp. z o.o. w zakresie badania stateczno\u015bci silos\u00f3w do przechowywania ziarna. W dniu 10.06.2008 roku wskutek nag\u0142ego zgonu odchodzi z firmy wsp\u00f3\u0142w\u0142a\u015bciciel Marek \u017belaskiewicz. Dalsze prace s\u0105 kontynuowane przez pozosta\u0142ych wsp\u00f3\u0142w\u0142a\u015bcicieli Marka Plaz\u0119 i Donata Renowicza.<\/p>\n\t\t\t\t<img loading=\"lazy\" decoding=\"async\" src=\"https:\/\/bthu-thermex.pl\/wp-content\/uploads\/2022\/07\/img-3.png\" alt=\"img-3\" itemprop=\"image\" height=\"480\" width=\"640\" title=\"img-3\" onerror=\"this.style.display='none'\">\n\t<p>Firma w roku 2009 wykona\u0142a prace zwi\u0105zane z regulacj\u0105 zawiesze\u0144 element\u00f3w kot\u0142\u00f3w energetycznych na 13 obiektach. Dokonano kolejnej modernizacji zawiesze\u0144 \u015bcian komory paleniskowej kot\u0142a OP-230. Wymiana spr\u0119\u017cyn ta\u015bmowych na talerzowe zniwelowa\u0142a nadmierne pochylenie ko\u0142a wywo\u0142ane asymetrycznym zabudowaniem palnik\u00f3w niskoemisyjnych. Ponadto by\u0142y prowadzone prace w elektrowniach zagranicznych: w Indiach w elektrociep\u0142owni Kutch Lignite Thermal Power Station w Panandhro we wsp\u00f3\u0142pracy z firm\u0105 Energotechnika-Energorozruch S.A z Gliwic. We wsp\u00f3\u0142pracy z RAFAKO S.A. wykonano regulacj\u0119 zawiesze\u0144 kot\u0142a BB-1880 w TENT B Obrenova\u010d w Serbii oraz w Yenik\u00f6y w Turcji kocio\u0142 OB-660.<\/p>\n\t\t\t\t<img loading=\"lazy\" decoding=\"async\" src=\"https:\/\/bthu-thermex.pl\/wp-content\/uploads\/2022\/07\/img-4.png\" alt=\"img-4\" itemprop=\"image\" height=\"730\" width=\"973\" title=\"img-4\" onerror=\"this.style.display='none'\">\n<p>&nbsp;<\/p>\n<p>Na uwag\u0119 zas\u0142uguj\u0105 prace wykonane w 2010 roku w Elektrowni Kozienice na bloku nr 10, obejmuj\u0105ce zawieszenia \u015bcian ekranowych oraz wszystkich element\u00f3w kot\u0142a w obr\u0119bie \u015bcian ekranowych po modernizacji bloku. Prac\u0119 wykonano we wsp\u00f3\u0142pracy z Rafako S.A. W tym samym roku wykonano r\u00f3wnie\u017c regulacj\u0119 zawiesze\u0144 kot\u0142a fluidalnego w PKE S.A. w Elektrowni Siersza. Kolejna praca we wsp\u00f3\u0142pracy z firm\u0105 Energotechnika-Energorozruch S.A z Gliwic obejmowa\u0142a pomiar si\u0142 oraz regulacj\u0119 zawiesze\u0144 kom\u00f3r grodzi i rur wieszakowych w kotle rusztowym OR45-010M w EC3 PCC Brzegu Dolnym. Z do\u015bwiadcze\u0144 naszej firmy korzysta\u0142 w tym czasie koncern PKN Orlen S.A. zlecaj\u0105c wykonanie diagnostyki zawiesze\u0144 blok\u00f3w na paliwo p\u0142ynne i gazowe typu OOG-320. Poza tym wykonano regulacj\u0119 zawiesze\u0144 na kolejnych kot\u0142ach energetycznych w ZEC Bydgoszcz II, EC Nowa Huta Katowice D\u0105browa G\u00f3rnicza, Elektrownia Nawi\u0105zano wsp\u00f3\u0142prac\u0119 z firm\u0105 Mobotec Europe AB z Gothenburg w Szwecji, dla kt\u00f3rej wykonano regulacj\u0119 zawiesze\u0144 ruroci\u0105gu odazotowania spalin ROFA na bloku BP-1150.<\/p>\n<p>W maju 2011 roku nast\u0119puje zmiana siedziby firmy, kt\u00f3ra zosta\u0142a zarejestrowana pod nowym adresem: 40-017 Katowice, ul. Graniczna 29\/211A. Druga dekada XXI wieku to prace wykonane na kolejnym typie kot\u0142\u00f3w na paliwo p\u0142ynne i gazowe OOG-260 w Zak\u0142adach Azotowych ANWIL S.A. we W\u0142oc\u0142awku. Nadmierne drgania mechaniczne kot\u0142a podczas ruchu by\u0142y przyczyn\u0105 uszkodzenia ci\u0119gien, co potwierdzi\u0142y wyniki pomiar\u00f3w widma drga\u0144 za pomoc\u0105 specjalistycznej aparatury.<\/p>\n\t\t\t\t<img loading=\"lazy\" decoding=\"async\" src=\"https:\/\/bthu-thermex.pl\/wp-content\/uploads\/2022\/07\/img-5.png\" alt=\"img-5\" itemprop=\"image\" height=\"738\" width=\"987\" title=\"img-5\" onerror=\"this.style.display='none'\">\n\t\t\t\t<img loading=\"lazy\" decoding=\"async\" src=\"https:\/\/bthu-thermex.pl\/wp-content\/uploads\/2022\/07\/img-6.png\" alt=\"img-6\" itemprop=\"image\" height=\"742\" width=\"992\" title=\"img-6\" onerror=\"this.style.display='none'\">\n\t<p>Nawi\u0105zany bezpo\u015bredni kontakt z koncernem energetycznym Babcock &amp; Wilcox V\u00f8lund A\/S z Danii zaowocowa\u0142 zleceniem serii prac diagnostycznych na kot\u0142ach wybudowanych w spalarniach \u015bmieci takich jak: Sundsvall &#8211; Szwecja, Carranstown, Duleek, County Meath &#8211; &nbsp;Irlandia, Helsingborg &#8211; Szwecja, KARA\/NOVEREN Roskilde &#8211; Dania, E.&nbsp;ON V\u00e4rme Sverige AB N\u00d6RRKOPING &#8211; Szwecja, H\u00d6GDALENVERKET &#8211; Sztokholm, Amager Bakke w Kopenhadze Dania. W ramach wsp\u00f3\u0142pracy z firm\u0105 Foster Wheeler wykonano regulacj\u0119 zawiesze\u0144 kot\u0142a CFB Boiler 176MWth w zak\u0142adach papierniczych grupy Mondi w \u0160t\u011bt\u00ed &#8211; Czechy. Zaowocowa\u0142o to dalszymi pracami zwi\u0105zanymi z korygowaniem geometrii kot\u0142a wskutek blokady zawiesze\u0144 w Elektrowni Po\u0159\u00ed\u010d\u00ed &#8211; Trutnov &#8211; Czechy. We wsp\u00f3\u0142pracy z Fabryk\u0105 Kot\u0142\u00f3w \u201eSEFAKO&#8221; S.A. S\u0119dzisz\u00f3w wykonano regulacj\u0119 zawiesze\u0144 kom\u00f3r: grodzi i rur wieszakowych w kotle rusztowym OR45-010M w EC3 PCC &#8211; Rokita w Brzegu Dolnym. Wyniki bada\u0144 p\u0119kni\u0119cia zawieszenia wodooddzielacza na bloku BP-1150 wykonane przez BTHU Thermex s.c. w 2004 roku wykaza\u0142y, \u017ce przyczyn\u0105 zniszczenia ci\u0119gna by\u0142y drgania mechaniczne wywo\u0142ane turbulentnym przep\u0142ywem pary w ruroci\u0105gu wlotowym. We wsp\u00f3\u0142pracy z Politechnik\u0105 \u015al\u0105sk\u0105 firma podj\u0119\u0142a si\u0119 modernizacji konstrukcji zawiesze\u0144 wodooddzielaczy pracuj\u0105cych na czterech blokach BP-1150, kt\u00f3ra doprowadzi\u0142a do istotnego zmniejszenia amplitudy drga\u0144 ci\u0119gien. Jako autoryzowany przedstawiciel Rafako S.A. firma wykona\u0142a pomiary przemieszcze\u0144 wybranych zawiesze\u0144 ruroci\u0105g\u00f3w oraz regulacj\u0119 si\u0142 w zawieszeniach \u015bcian ekranowych kot\u0142a sodowego w Biocel &#8211; Paskov w Czechach. Rozwini\u0119ta wsp\u00f3\u0142praca z Babcock &amp; Wilcox V\u00f8lund A\/S skutkuje podpisaniem um\u00f3w na realizacj\u0119 prac zwi\u0105zanych z regulacj\u0105 zawiesze\u0144 nowych kot\u0142\u00f3w budowanych w spalarniach \u015bmieci w Dong Energy Skaerbaek Fredericja w Danii oraz Margam, Rotterham i Middlesbrough w Wielkiej Brytanii.<\/p>\n","protected":false},"excerpt":{"rendered":"<p>Rok 1988 to pionierska praca zwi\u0105zana z regulacj\u0105 sztywnych zawiesze\u0144 \u015bcian ekranowych kot\u0142a OPG-430 przeprowadzona zosta\u0142a w kombinacie metalurgicznym \u201eHuta Katowice&#8221;. Kocio\u0142 zosta\u0142 zaprojektowany przez Biuro Konstrukcyjne CBKK Tarnowskie G\u00f3ry natomiast budow\u0119 prowadzi\u0142 Energomonta\u017c Po\u0142udnie z Katowic. Wsp\u00f3\u0142praca z Politechnik\u0105 \u015al\u0105sk\u0105 w Gliwicach umo\u017cliwi\u0142a wykonanie pomiaru si\u0142 w ci\u0119gnach zawiesze\u0144 za pomoc\u0105 tensometr\u00f3w rezystancyjnych, po\u0142\u0105czonych&hellip;<\/p>\n","protected":false},"author":1,"featured_media":0,"parent":0,"menu_order":0,"comment_status":"closed","ping_status":"closed","template":"","meta":{"footnotes":""},"class_list":["post-132","page","type-page","status-publish","hentry"],"_links":{"self":[{"href":"https:\/\/bthu-thermex.pl\/en\/wp-json\/wp\/v2\/pages\/132","targetHints":{"allow":["GET"]}}],"collection":[{"href":"https:\/\/bthu-thermex.pl\/en\/wp-json\/wp\/v2\/pages"}],"about":[{"href":"https:\/\/bthu-thermex.pl\/en\/wp-json\/wp\/v2\/types\/page"}],"author":[{"embeddable":true,"href":"https:\/\/bthu-thermex.pl\/en\/wp-json\/wp\/v2\/users\/1"}],"replies":[{"embeddable":true,"href":"https:\/\/bthu-thermex.pl\/en\/wp-json\/wp\/v2\/comments?post=132"}],"version-history":[{"count":1,"href":"https:\/\/bthu-thermex.pl\/en\/wp-json\/wp\/v2\/pages\/132\/revisions"}],"predecessor-version":[{"id":139,"href":"https:\/\/bthu-thermex.pl\/en\/wp-json\/wp\/v2\/pages\/132\/revisions\/139"}],"wp:attachment":[{"href":"https:\/\/bthu-thermex.pl\/en\/wp-json\/wp\/v2\/media?parent=132"}],"curies":[{"name":"wp","href":"https:\/\/api.w.org\/{rel}","templated":true}]}}