{"id":157,"date":"2022-07-24T15:00:46","date_gmt":"2022-07-24T13:00:46","guid":{"rendered":"http:\/\/bthu-thermex.pl\/zawieszenia-sprezynowe\/"},"modified":"2022-07-27T21:50:28","modified_gmt":"2022-07-27T19:50:28","slug":"spring-suspension","status":"publish","type":"page","link":"https:\/\/bthu-thermex.pl\/en\/spring-suspension\/","title":{"rendered":"Spring suspension"},"content":{"rendered":"\n<h1>\n\t\t\n\t<\/h1>\n\t<p><strong>Dob\u00f3r zawiesze\u0144 na etapie projektowym<\/strong><\/p>\n<p>BTHU Thermex s.c. szczyci si\u0119 wysoko wykwalifikowan\u0105 kadr\u0105 in\u017cyniersk\u0105. Wiedza, do\u015bwiadczenie i szeroko poj\u0119ta znajomo\u015b\u0107 tematu zawiesze\u0144 w energetyce umo\u017cliwi\u0142a nam wprowadzenie kompleksowej us\u0142ugi jak\u0105 jest:<\/p>\n<p>&#8211; dob\u00f3r w\u0142a\u015bciwych zawiesze\u0144 na etapie projektowania podwieszonych element\u00f3w w Elektrowniach, Elektrociep\u0142owniach, Spalarniach \u015bmieci itp.,<\/p>\n<p>&#8211; projektowanie nowych zespo\u0142\u00f3w spr\u0119\u017cynowych w oparciu o dane projektowe obci\u0105\u017ce\u0144 dla wyznaczonych punkt\u00f3w mocowania podwieszonych element\u00f3w (kot\u0142y, elementy ci\u015bnieniowe wewn\u0105trz kot\u0142a, ruroci\u0105gi),<\/p>\n<p>&#8211; projektowanie nowych zespo\u0142\u00f3w spr\u0119\u017cynowych oraz okre\u015blenie warto\u015bci obci\u0105\u017cenia dla poszczeg\u00f3lnych zawiesze\u0144 istniej\u0105cego podwieszonego uk\u0142adu mechanicznego w oparciu o rzeczywiste pomiary obci\u0105\u017ce\u0144 wyst\u0119puj\u0105ce w danym ci\u0119gnie (w przypadku braku dost\u0119pnej dokumentacji technicznej),<\/p>\n<p>&#8211; dostawa, monta\u017c oraz pomiar i regulacja obci\u0105\u017ce\u0144 w nowych zawieszeniach firmy BTHU Thermex s.c.,<\/p>\n<p><strong>Projekt i wykonanie zawiesze\u0144 spr\u0119\u017cynowych<\/strong><\/p>\n<p>Wieloletnie do\u015bwiadczenie zdobyte podczas pomiaru i regulacji sil w zawieszeniach kot\u0142\u00f3w i innych uk\u0142adach statycznie niewyznaczalnych wyst\u0119puj\u0105cych w przemy\u015ble sprawia, \u017ce jeste\u015bmy jedn\u0105 z nielicznych, a mo\u017cliwe, \u017ce jedyn\u0105, firm\u0105 na rynku oferuj\u0105c\u0105 tak\u0105 us\u0142ug\u0119. Nasze prace regulacyjne niejednokrotnie potwierdzi\u0142y znaczn\u0105 r\u00f3\u017cnic\u0119 mi\u0119dzy si\u0142ami projektowymi a ich rzeczywistymi warto\u015bciami, co potwierdza zasadno\u015b\u0107 przeprowadzania pomiar\u00f3w hydraulicznych celem wyznaczania prawid\u0142owych warto\u015bci zredukowanych obci\u0105\u017ce\u0144 na kt\u00f3re nale\u017cy obci\u0105\u017ca\u0107 zawieszenia. Oznacza to, \u017ce warto\u015b\u0107 projektowa obci\u0105\u017cenia, kt\u00f3ra jest podana na tabliczce znamionowej dostarczonych i zamontowanych na obiekcie zawieszeniach jest niewystarczaj\u0105ca i wymaga skorygowania w oparciu o pomiary i regulacj\u0119 obci\u0105\u017cenia we wszystkich zawieszeniach danego uk\u0142adu mechanicznego.<\/p>\n\t<p><strong>Wymiana zawiesze\u0144 spr\u0119\u017cynowych na obiekcie<\/strong><\/p>\n<p>Wymian\u0119 zawiesze\u0144 na obiekcie przeprowadzamy kolejno dla ka\u017cdego zawieszenia. Po zablokowaniu ci\u0119gna i odkr\u0119ceniu nakr\u0119tki g\u0142\u00f3wnej, nast\u0119puje demonta\u017c starej obudowy. Nowe zawieszenie montowane jest od razu wraz z ustawieniem odpowiedniej si\u0142y w nim dzia\u0142aj\u0105cej (rys. 3). Wymiana realizowana jest za pomoc\u0105 uk\u0142adu hydraulicznego, kt\u00f3ry pozwala na dok\u0142adne ustawienie si\u0142y w wymienianym zawieszeniu oraz eliminuje niebezpiecze\u0144stwo uszkodzenia gwintu ci\u0119gna podczas odkr\u0119cania lub dokr\u0119cania nakr\u0119tki g\u0142\u00f3wnej pod obci\u0105\u017ceniem. Nie ma konieczno\u015bci blokowania lub dodatkowego podwieszania konstrukcji, na kt\u00f3rej realizowane s\u0105 prace, co zwi\u0119ksza bezpiecze\u0144stwo ca\u0142ego przedsi\u0119wzi\u0119cia.<\/p>\n","protected":false},"excerpt":{"rendered":"<p>Dob\u00f3r zawiesze\u0144 na etapie projektowym BTHU Thermex s.c. szczyci si\u0119 wysoko wykwalifikowan\u0105 kadr\u0105 in\u017cyniersk\u0105. Wiedza, do\u015bwiadczenie i szeroko poj\u0119ta znajomo\u015b\u0107 tematu zawiesze\u0144 w energetyce umo\u017cliwi\u0142a nam wprowadzenie kompleksowej us\u0142ugi jak\u0105 jest: &#8211; dob\u00f3r w\u0142a\u015bciwych zawiesze\u0144 na etapie projektowania podwieszonych element\u00f3w w Elektrowniach, Elektrociep\u0142owniach, Spalarniach \u015bmieci itp., &#8211; projektowanie nowych zespo\u0142\u00f3w spr\u0119\u017cynowych w oparciu o dane&hellip;<\/p>\n","protected":false},"author":1,"featured_media":0,"parent":0,"menu_order":0,"comment_status":"closed","ping_status":"closed","template":"","meta":{"footnotes":""},"class_list":["post-157","page","type-page","status-publish","hentry"],"_links":{"self":[{"href":"https:\/\/bthu-thermex.pl\/en\/wp-json\/wp\/v2\/pages\/157","targetHints":{"allow":["GET"]}}],"collection":[{"href":"https:\/\/bthu-thermex.pl\/en\/wp-json\/wp\/v2\/pages"}],"about":[{"href":"https:\/\/bthu-thermex.pl\/en\/wp-json\/wp\/v2\/types\/page"}],"author":[{"embeddable":true,"href":"https:\/\/bthu-thermex.pl\/en\/wp-json\/wp\/v2\/users\/1"}],"replies":[{"embeddable":true,"href":"https:\/\/bthu-thermex.pl\/en\/wp-json\/wp\/v2\/comments?post=157"}],"version-history":[{"count":1,"href":"https:\/\/bthu-thermex.pl\/en\/wp-json\/wp\/v2\/pages\/157\/revisions"}],"predecessor-version":[{"id":163,"href":"https:\/\/bthu-thermex.pl\/en\/wp-json\/wp\/v2\/pages\/157\/revisions\/163"}],"wp:attachment":[{"href":"https:\/\/bthu-thermex.pl\/en\/wp-json\/wp\/v2\/media?parent=157"}],"curies":[{"name":"wp","href":"https:\/\/api.w.org\/{rel}","templated":true}]}}